{"id":467,"date":"2024-01-15T10:46:04","date_gmt":"2024-01-15T10:46:04","guid":{"rendered":"https:\/\/www.dgregalos.com\/blog\/?page_id=467"},"modified":"2024-01-17T07:28:51","modified_gmt":"2024-01-17T07:28:51","slug":"blog-dgregalos","status":"publish","type":"page","link":"https:\/\/www.dgregalos.com\/blog\/blog-dgregalos\/","title":{"rendered":"Blog de DGRegalos"},"content":{"rendered":"\n[et_pb_section fb_built=\u00bb1&#8243; custom_padding_last_edited=\u00bbon|phone\u00bb admin_label=\u00bbHeader\u00bb _builder_version=\u00bb4.18.0&#8243; _module_preset=\u00bbdefault\u00bb custom_padding=\u00bb83px||||false|false\u00bb custom_padding_tablet=\u00bb100px||||false|false\u00bb custom_padding_phone=\u00bb60px||||false|false\u00bb global_colors_info=\u00bb{}\u00bb][et_pb_row _builder_version=\u00bb4.18.0&#8243; _module_preset=\u00bbdefault\u00bb custom_padding=\u00bb||0px||false|false\u00bb global_colors_info=\u00bb{}\u00bb][et_pb_column type=\u00bb4_4&#8243; _builder_version=\u00bb4.18.0&#8243; _module_preset=\u00bbdefault\u00bb global_colors_info=\u00bb{}\u00bb][et_pb_text _builder_version=\u00bb4.18.0&#8243; _module_preset=\u00bbd72c0383-6487-4f2c-ac5c-7d48a6376757&#8243; header_font=\u00bbKrona One|||on|||||\u00bb header_text_color=\u00bb#000000&#8243; header_font_size=\u00bb96px\u00bb header_line_height=\u00bb1.2em\u00bb text_orientation=\u00bbcenter\u00bb custom_margin=\u00bb||||false|false\u00bb custom_margin_tablet=\u00bb||40px||false|false\u00bb custom_margin_phone=\u00bb||20px||false|false\u00bb custom_margin_last_edited=\u00bboff|desktop\u00bb custom_padding_tablet=\u00bb||20px||false|false\u00bb custom_padding_phone=\u00bb||0px||false|false\u00bb custom_padding_last_edited=\u00bboff|desktop\u00bb header_font_size_tablet=\u00bb50px\u00bb header_font_size_phone=\u00bb30px\u00bb header_font_size_last_edited=\u00bbon|phone\u00bb global_colors_info=\u00bb{}\u00bb]<h1>Blog<\/h1>[\/et_pb_text][et_pb_text _builder_version=\u00bb4.21.0&#8243; _module_preset=\u00bbdefault\u00bb header_text_color=\u00bb#000000&#8243; header_line_height=\u00bb2em\u00bb hover_enabled=\u00bb0&#8243; global_colors_info=\u00bb{}\u00bb sticky_enabled=\u00bb0&#8243;]<h3 style=\"text-align: center;\"><span style=\"color: #000000; font-size: large;\">En nuestro blog, <strong>te sumergir\u00e1s en un universo donde la creatividad se fusiona<br \/>con el cari\u00f1o para dar vida a obsequios inolvidables.<\/strong> Descubre c\u00f3mo transformar momentos ordinarios en recuerdos extraordinarios a trav\u00e9s de regalos que hablan directamente al coraz\u00f3n.<\/span><\/h3>\n<h3 style=\"text-align: center;\"><span style=\"color: #000000; font-size: large;\">Exploraremos las \u00faltimas tendencias en regalos personalizados, te guiaremos a trav\u00e9s de ideas ingeniosas<br \/>y emocionales que convertir\u00e1n cualquier ocasi\u00f3n en una celebraci\u00f3n especial.<\/span><\/h3>\n<h3 style=\"text-align: center;\"><span style=\"color: #000000; font-size: large;\">Nuestro blog es tu fuente de inspiraci\u00f3n para encontrar el regalo perfecto para cada persona y ocasi\u00f3n. <br \/>Desde aniversarios hasta baby showers, te proporcionaremos sugerencias personalizadas que har\u00e1n que cada <br \/>regalo sea tan \u00fanico como la persona a la que va destinado.<\/span><\/h3>\n<h3 style=\"text-align: center;\"><span style=\"color: #000000; font-size: large;\">Sum\u00e9rgete en nuestras historias, entrevistas a dise\u00f1adores y tutoriales creativos que te ayudar\u00e1n a dar vida a tus ideas personalizadas. Aprende a seleccionar el regalo ideal, c\u00f3mo agregar ese toque personal que lo hace \u00fanico<br \/>y descubre c\u00f3mo cada regalo cuenta una historia \u00fanica de amor, amistad o aprecio.<\/span><\/h3>\n<h3 style=\"text-align: center;\"><span style=\"color: #000000; font-size: large;\"><strong>\u00a1Bienvenido a un viaje de regalos personalizados que transforman momentos en memorias duraderas!<\/strong><\/span><\/h3>[\/et_pb_text][et_pb_post_slider include_categories=\u00bb5,8,7&#8243; use_manual_excerpt=\u00bboff\u00bb _builder_version=\u00bb4.21.0&#8243; _module_preset=\u00bbdefault\u00bb header_font=\u00bbKrona One||||||||\u00bb header_font_size=\u00bb40px\u00bb header_line_height=\u00bb1.2em\u00bb body_font=\u00bbMontserrat||||||||\u00bb body_font_size=\u00bb18px\u00bb body_line_height=\u00bb1.8em\u00bb custom_button=\u00bbon\u00bb button_text_size=\u00bb14px\u00bb button_text_color=\u00bb#2B2521&#8243; button_bg_color=\u00bb#FFFFFF\u00bb button_border_width=\u00bb0px\u00bb button_border_radius=\u00bb0px\u00bb button_letter_spacing=\u00bb4px\u00bb button_font=\u00bbKrona One|||on|||||\u00bb button_custom_padding=\u00bb16px|24px|16px|24px|true|true\u00bb text_orientation=\u00bbleft\u00bb custom_padding=\u00bb||||false|false\u00bb custom_padding_tablet=\u00bb14%|7%|21%|7%|false|true\u00bb custom_padding_phone=\u00bb14%|7%|21%|7%|false|true\u00bb custom_padding_last_edited=\u00bboff|desktop\u00bb header_font_size_tablet=\u00bb28px\u00bb header_font_size_phone=\u00bb18px\u00bb header_font_size_last_edited=\u00bbon|tablet\u00bb body_font_size_tablet=\u00bb16px\u00bb body_font_size_phone=\u00bb14px\u00bb body_font_size_last_edited=\u00bbon|phone\u00bb button_text_size_tablet=\u00bb15px\u00bb button_text_size_phone=\u00bb14px\u00bb button_text_size_last_edited=\u00bboff|desktop\u00bb text_shadow_style=\u00bbpreset1&#8243; text_shadow_color=\u00bbRGBA(255,255,255,0)\u00bb global_colors_info=\u00bb{}\u00bb][\/et_pb_post_slider][et_pb_blog fullwidth=\u00bboff\u00bb posts_number=\u00bb9&#8243; use_manual_excerpt=\u00bboff\u00bb excerpt_length=\u00bb150&#8243; show_author=\u00bboff\u00bb show_date=\u00bboff\u00bb _builder_version=\u00bb4.18.0&#8243; _module_preset=\u00bbdefault\u00bb header_level=\u00bbh3&#8243; header_font=\u00bbKrona One||||||||\u00bb header_font_size=\u00bb15px\u00bb header_letter_spacing=\u00bb-0.5px\u00bb header_line_height=\u00bb1.4em\u00bb body_font=\u00bbMontserrat||||||||\u00bb body_line_height=\u00bb1.6em\u00bb meta_font=\u00bbKrona One|||on|||||\u00bb meta_text_color=\u00bb#a8a47a\u00bb meta_font_size=\u00bb10px\u00bb meta_letter_spacing=\u00bb1px\u00bb meta_line_height=\u00bb1.6em\u00bb pagination_font=\u00bbKrona One|||on|||||\u00bb pagination_text_color=\u00bb#372E2B\u00bb pagination_letter_spacing=\u00bb2px\u00bb header_font_size_tablet=\u00bb16px\u00bb header_font_size_phone=\u00bb14px\u00bb header_font_size_last_edited=\u00bbon|phone\u00bb pagination_font_size_tablet=\u00bb12px\u00bb pagination_font_size_phone=\u00bb12px\u00bb pagination_font_size_last_edited=\u00bbon|phone\u00bb border_width_all=\u00bb0px\u00bb global_colors_info=\u00bb{}\u00bb][\/et_pb_blog][\/et_pb_column][\/et_pb_row][\/et_pb_section][et_pb_section fb_built=\u00bb1&#8243; admin_label=\u00bbFooter\u00bb _builder_version=\u00bb4.18.0&#8243; _module_preset=\u00bbdefault\u00bb background_color=\u00bb#FFFFFF\u00bb use_background_color_gradient=\u00bbon\u00bb background_color_gradient_direction=\u00bb0deg\u00bb background_color_gradient_stops=\u00bb#f7f2ef 76%|rgba(255,255,255,0) 76%\u00bb background_last_edited=\u00bboff|desktop\u00bb background_enable_color_tablet=\u00bboff\u00bb use_background_color_gradient_tablet=\u00bbon\u00bb background_color_gradient_stops_tablet=\u00bb#e1d9d7 80%|rgba(255,255,255,0) 80%\u00bb saved_tabs=\u00bball\u00bb locked=\u00bboff\u00bb global_colors_info=\u00bb{}\u00bb][et_pb_row column_structure=\u00bb1_2,1_2&#8243; _builder_version=\u00bb4.18.0&#8243; _module_preset=\u00bbdefault\u00bb custom_padding=\u00bb0px||0px||true|false\u00bb locked=\u00bboff\u00bb global_colors_info=\u00bb{}\u00bb][et_pb_column type=\u00bb1_2&#8243; _builder_version=\u00bb4.17.6&#8243; _module_preset=\u00bbdefault\u00bb global_colors_info=\u00bb{}\u00bb][et_pb_image src=\u00bbhttp:\/\/www.dgregalos.com\/blog\/wp-content\/uploads\/2024\/01\/IMG_0519.jpg\u00bb title_text=\u00bbCopas personalizadas\u00bb _builder_version=\u00bb4.21.0&#8243; _module_preset=\u00bbdefault\u00bb border_radii=\u00bboff|1000px|1000px||\u00bb border_width_all=\u00bb3px\u00bb border_color_all=\u00bb#2B2521&#8243; locked=\u00bboff\u00bb global_colors_info=\u00bb{}\u00bb][\/et_pb_image][et_pb_image src=\u00bbhttp:\/\/www.dgregalos.com\/blog\/wp-content\/uploads\/2024\/01\/regalos-boligrafospersonalizados.jpg\u00bb title_text=\u00bbregalos-boligrafospersonalizados\u00bb _builder_version=\u00bb4.21.0&#8243; _module_preset=\u00bbdefault\u00bb positioning=\u00bbabsolute\u00bb position_origin_a=\u00bbcenter_left\u00bb width=\u00bb50%\u00bb max_width_tablet=\u00bb200px\u00bb max_width_phone=\u00bb150px\u00bb max_width_last_edited=\u00bboff|desktop\u00bb custom_margin=\u00bb|||-3vw|false|false\u00bb custom_margin_tablet=\u00bb0%|||0%|false|false\u00bb custom_margin_phone=\u00bb0%|||0%|false|false\u00bb custom_margin_last_edited=\u00bboff|desktop\u00bb border_width_all=\u00bb7px\u00bb border_color_all=\u00bb#2B2521&#8243; locked=\u00bboff\u00bb global_colors_info=\u00bb{}\u00bb][\/et_pb_image][\/et_pb_column][et_pb_column type=\u00bb1_2&#8243; _builder_version=\u00bb4.17.6&#8243; _module_preset=\u00bbdefault\u00bb custom_padding=\u00bb60px||60px||true|false\u00bb custom_padding_tablet=\u00bb20px||20px||true|false\u00bb custom_padding_phone=\u00bb0px||0px||true|false\u00bb custom_padding_last_edited=\u00bbon|phone\u00bb global_colors_info=\u00bb{}\u00bb][et_pb_text _builder_version=\u00bb4.21.0&#8243; _module_preset=\u00bb7b39e609-07da-4c2d-b385-8265485d0349&#8243; header_2_font=\u00bbKrona One|||on|||||\u00bb header_2_text_color=\u00bb#000000&#8243; header_2_font_size=\u00bb100px\u00bb header_2_line_height=\u00bb1.2em\u00bb header_2_font_size_tablet=\u00bb50px\u00bb header_2_font_size_phone=\u00bb30px\u00bb header_2_font_size_last_edited=\u00bbon|phone\u00bb locked=\u00bboff\u00bb global_colors_info=\u00bb{}\u00bb][\/et_pb_text][et_pb_text _builder_version=\u00bb4.21.0&#8243; _module_preset=\u00bb3a5fa9a7-7987-4564-89a5-37b87a5b6ad8&#8243; header_3_font=\u00bbKrona One||||||||\u00bb header_3_font_size=\u00bb32px\u00bb header_3_line_height=\u00bb1.4em\u00bb header_3_font_size_tablet=\u00bb20px\u00bb header_3_font_size_phone=\u00bb16px\u00bb header_3_font_size_last_edited=\u00bbon|phone\u00bb global_colors_info=\u00bb{}\u00bb]<h3><strong>952 35 07 72<\/strong><\/h3>\n<h3><strong>663 250 520<\/strong><\/h3>[\/et_pb_text][et_pb_button button_text=\u00bbLL\u00c1MANOS\u00bb _builder_version=\u00bb4.21.0&#8243; _module_preset=\u00bba93bd5f4-85ca-4af8-aab9-5954042d5969&#8243; custom_button=\u00bbon\u00bb button_text_size=\u00bb14px\u00bb button_text_color=\u00bb#FFFFFF\u00bb button_bg_color=\u00bb#2B2521&#8243; button_border_width=\u00bb0px\u00bb button_border_radius=\u00bb0px\u00bb button_letter_spacing=\u00bb4px\u00bb button_font=\u00bbKrona One|||on|||||\u00bb custom_padding=\u00bb16px|24px|16px|24px|true|true\u00bb custom_padding_tablet=\u00bb16px|28px|16px|28px|true|true\u00bb custom_padding_phone=\u00bb14px|20px|14px|20px|true|true\u00bb custom_padding_last_edited=\u00bboff|desktop\u00bb button_text_size_tablet=\u00bb15px\u00bb button_text_size_phone=\u00bb14px\u00bb button_text_size_last_edited=\u00bboff|desktop\u00bb locked=\u00bboff\u00bb global_colors_info=\u00bb{}\u00bb button_text_color__hover_enabled=\u00bboff|hover\u00bb button_bg_color__hover=\u00bb#372E2B\u00bb button_bg_color__hover_enabled=\u00bboff|desktop\u00bb][\/et_pb_button][\/et_pb_column][\/et_pb_row][\/et_pb_section]\n","protected":false},"excerpt":{"rendered":"<p>BlogEn nuestro blog, te sumergir\u00e1s en un universo donde la creatividad se fusionacon el cari\u00f1o para dar vida a obsequios inolvidables. Descubre c\u00f3mo transformar momentos ordinarios en recuerdos extraordinarios a trav\u00e9s de regalos que hablan directamente al coraz\u00f3n. Exploraremos las \u00faltimas tendencias en regalos personalizados, te guiaremos a trav\u00e9s de ideas ingeniosasy emocionales que convertir\u00e1n [&hellip;]<\/p>\n","protected":false},"author":1,"featured_media":379,"parent":0,"menu_order":0,"comment_status":"closed","ping_status":"closed","template":"","meta":{"_et_pb_use_builder":"on","_et_pb_old_content":"","_et_gb_content_width":"","jetpack_post_was_ever_published":false},"yoast_head":"<!-- This site is optimized with the Yoast SEO plugin v20.8 - https:\/\/yoast.com\/wordpress\/plugins\/seo\/ -->\n<title>Sum\u00e9rgete entre nuestros consejos - Blog de DGRegalos<\/title>\n<meta name=\"description\" content=\"En nuestro blog, te sumergir\u00e1s en un universo donde la creatividad se fusiona con el cari\u00f1o para dar vida a obsequios inolvidables.\" \/>\n<meta name=\"robots\" content=\"index, follow, max-snippet:-1, max-image-preview:large, max-video-preview:-1\" \/>\n<link rel=\"canonical\" href=\"https:\/\/www.dgregalos.com\/blog\/blog-dgregalos\/\" \/>\n<meta property=\"og:locale\" content=\"es_ES\" \/>\n<meta property=\"og:type\" content=\"article\" \/>\n<meta property=\"og:title\" content=\"Sum\u00e9rgete entre nuestros consejos - Blog de DGRegalos\" \/>\n<meta property=\"og:description\" content=\"En nuestro blog, te sumergir\u00e1s en un universo donde la creatividad se fusiona con el cari\u00f1o para dar vida a obsequios inolvidables.\" \/>\n<meta property=\"og:url\" content=\"https:\/\/www.dgregalos.com\/blog\/blog-dgregalos\/\" \/>\n<meta property=\"og:site_name\" content=\"Blog de DGRegalos\" \/>\n<meta property=\"article:publisher\" content=\"https:\/\/www.facebook.com\/DGRegalos\/\" \/>\n<meta property=\"article:modified_time\" content=\"2024-01-17T07:28:51+00:00\" \/>\n<meta property=\"og:image\" content=\"http:\/\/www.dgregalos.com\/blog\/wp-content\/uploads\/2023\/06\/botellas-termo-personalizadas-a-laser.jpg\" \/>\n\t<meta property=\"og:image:width\" content=\"2000\" \/>\n\t<meta property=\"og:image:height\" content=\"2000\" \/>\n\t<meta property=\"og:image:type\" content=\"image\/jpeg\" \/>\n<meta name=\"twitter:card\" content=\"summary_large_image\" \/>\n<meta name=\"twitter:site\" content=\"@DGregalos\" \/>\n<meta name=\"twitter:label1\" content=\"Tiempo de lectura\" \/>\n\t<meta name=\"twitter:data1\" content=\"2 minutos\" \/>\n<script type=\"application\/ld+json\" class=\"yoast-schema-graph\">{\"@context\":\"https:\/\/schema.org\",\"@graph\":[{\"@type\":\"WebPage\",\"@id\":\"https:\/\/www.dgregalos.com\/blog\/blog-dgregalos\/\",\"url\":\"https:\/\/www.dgregalos.com\/blog\/blog-dgregalos\/\",\"name\":\"Sum\u00e9rgete entre nuestros consejos - Blog de DGRegalos\",\"isPartOf\":{\"@id\":\"https:\/\/www.dgregalos.com\/blog\/#website\"},\"datePublished\":\"2024-01-15T10:46:04+00:00\",\"dateModified\":\"2024-01-17T07:28:51+00:00\",\"description\":\"En nuestro blog, te sumergir\u00e1s en un universo donde la creatividad se fusiona con el cari\u00f1o para dar vida a obsequios inolvidables.\",\"breadcrumb\":{\"@id\":\"https:\/\/www.dgregalos.com\/blog\/blog-dgregalos\/#breadcrumb\"},\"inLanguage\":\"es\",\"potentialAction\":[{\"@type\":\"ReadAction\",\"target\":[\"https:\/\/www.dgregalos.com\/blog\/blog-dgregalos\/\"]}]},{\"@type\":\"BreadcrumbList\",\"@id\":\"https:\/\/www.dgregalos.com\/blog\/blog-dgregalos\/#breadcrumb\",\"itemListElement\":[{\"@type\":\"ListItem\",\"position\":1,\"name\":\"Portada\",\"item\":\"https:\/\/www.dgregalos.com\/blog\/\"},{\"@type\":\"ListItem\",\"position\":2,\"name\":\"Blog de DGRegalos\"}]},{\"@type\":\"WebSite\",\"@id\":\"https:\/\/www.dgregalos.com\/blog\/#website\",\"url\":\"https:\/\/www.dgregalos.com\/blog\/\",\"name\":\"Blog de DGRegalos\",\"description\":\"Todo sobre la personalizaci\u00f3n\",\"publisher\":{\"@id\":\"https:\/\/www.dgregalos.com\/blog\/#organization\"},\"potentialAction\":[{\"@type\":\"SearchAction\",\"target\":{\"@type\":\"EntryPoint\",\"urlTemplate\":\"https:\/\/www.dgregalos.com\/blog\/?s={search_term_string}\"},\"query-input\":\"required name=search_term_string\"}],\"inLanguage\":\"es\"},{\"@type\":\"Organization\",\"@id\":\"https:\/\/www.dgregalos.com\/blog\/#organization\",\"name\":\"DGRegalos\",\"url\":\"https:\/\/www.dgregalos.com\/blog\/\",\"logo\":{\"@type\":\"ImageObject\",\"inLanguage\":\"es\",\"@id\":\"https:\/\/www.dgregalos.com\/blog\/#\/schema\/logo\/image\/\",\"url\":\"https:\/\/i0.wp.com\/www.dgregalos.com\/blog\/wp-content\/uploads\/2017\/07\/DG-Regalos-2.jpg?fit=400%2C192&ssl=1\",\"contentUrl\":\"https:\/\/i0.wp.com\/www.dgregalos.com\/blog\/wp-content\/uploads\/2017\/07\/DG-Regalos-2.jpg?fit=400%2C192&ssl=1\",\"width\":400,\"height\":192,\"caption\":\"DGRegalos\"},\"image\":{\"@id\":\"https:\/\/www.dgregalos.com\/blog\/#\/schema\/logo\/image\/\"},\"sameAs\":[\"https:\/\/www.facebook.com\/DGRegalos\/\",\"https:\/\/twitter.com\/DGregalos\",\"https:\/\/www.instagram.com\/dgregalos\/\",\"https:\/\/es.pinterest.com\/cm9537\/pins\/\"]}]}<\/script>\n<!-- \/ Yoast SEO plugin. -->","yoast_head_json":{"title":"Sum\u00e9rgete entre nuestros consejos - Blog de DGRegalos","description":"En nuestro blog, te sumergir\u00e1s en un universo donde la creatividad se fusiona con el cari\u00f1o para dar vida a obsequios inolvidables.","robots":{"index":"index","follow":"follow","max-snippet":"max-snippet:-1","max-image-preview":"max-image-preview:large","max-video-preview":"max-video-preview:-1"},"canonical":"https:\/\/www.dgregalos.com\/blog\/blog-dgregalos\/","og_locale":"es_ES","og_type":"article","og_title":"Sum\u00e9rgete entre nuestros consejos - Blog de DGRegalos","og_description":"En nuestro blog, te sumergir\u00e1s en un universo donde la creatividad se fusiona con el cari\u00f1o para dar vida a obsequios inolvidables.","og_url":"https:\/\/www.dgregalos.com\/blog\/blog-dgregalos\/","og_site_name":"Blog de DGRegalos","article_publisher":"https:\/\/www.facebook.com\/DGRegalos\/","article_modified_time":"2024-01-17T07:28:51+00:00","og_image":[{"width":2000,"height":2000,"url":"http:\/\/www.dgregalos.com\/blog\/wp-content\/uploads\/2023\/06\/botellas-termo-personalizadas-a-laser.jpg","type":"image\/jpeg"}],"twitter_card":"summary_large_image","twitter_site":"@DGregalos","twitter_misc":{"Tiempo de lectura":"2 minutos"},"schema":{"@context":"https:\/\/schema.org","@graph":[{"@type":"WebPage","@id":"https:\/\/www.dgregalos.com\/blog\/blog-dgregalos\/","url":"https:\/\/www.dgregalos.com\/blog\/blog-dgregalos\/","name":"Sum\u00e9rgete entre nuestros consejos - Blog de DGRegalos","isPartOf":{"@id":"https:\/\/www.dgregalos.com\/blog\/#website"},"datePublished":"2024-01-15T10:46:04+00:00","dateModified":"2024-01-17T07:28:51+00:00","description":"En nuestro blog, te sumergir\u00e1s en un universo donde la creatividad se fusiona con el cari\u00f1o para dar vida a obsequios inolvidables.","breadcrumb":{"@id":"https:\/\/www.dgregalos.com\/blog\/blog-dgregalos\/#breadcrumb"},"inLanguage":"es","potentialAction":[{"@type":"ReadAction","target":["https:\/\/www.dgregalos.com\/blog\/blog-dgregalos\/"]}]},{"@type":"BreadcrumbList","@id":"https:\/\/www.dgregalos.com\/blog\/blog-dgregalos\/#breadcrumb","itemListElement":[{"@type":"ListItem","position":1,"name":"Portada","item":"https:\/\/www.dgregalos.com\/blog\/"},{"@type":"ListItem","position":2,"name":"Blog de DGRegalos"}]},{"@type":"WebSite","@id":"https:\/\/www.dgregalos.com\/blog\/#website","url":"https:\/\/www.dgregalos.com\/blog\/","name":"Blog de DGRegalos","description":"Todo sobre la personalizaci\u00f3n","publisher":{"@id":"https:\/\/www.dgregalos.com\/blog\/#organization"},"potentialAction":[{"@type":"SearchAction","target":{"@type":"EntryPoint","urlTemplate":"https:\/\/www.dgregalos.com\/blog\/?s={search_term_string}"},"query-input":"required name=search_term_string"}],"inLanguage":"es"},{"@type":"Organization","@id":"https:\/\/www.dgregalos.com\/blog\/#organization","name":"DGRegalos","url":"https:\/\/www.dgregalos.com\/blog\/","logo":{"@type":"ImageObject","inLanguage":"es","@id":"https:\/\/www.dgregalos.com\/blog\/#\/schema\/logo\/image\/","url":"https:\/\/i0.wp.com\/www.dgregalos.com\/blog\/wp-content\/uploads\/2017\/07\/DG-Regalos-2.jpg?fit=400%2C192&ssl=1","contentUrl":"https:\/\/i0.wp.com\/www.dgregalos.com\/blog\/wp-content\/uploads\/2017\/07\/DG-Regalos-2.jpg?fit=400%2C192&ssl=1","width":400,"height":192,"caption":"DGRegalos"},"image":{"@id":"https:\/\/www.dgregalos.com\/blog\/#\/schema\/logo\/image\/"},"sameAs":["https:\/\/www.facebook.com\/DGRegalos\/","https:\/\/twitter.com\/DGregalos","https:\/\/www.instagram.com\/dgregalos\/","https:\/\/es.pinterest.com\/cm9537\/pins\/"]}]}},"jetpack_sharing_enabled":true,"jetpack_shortlink":"https:\/\/wp.me\/P8UWxa-7x","jetpack-related-posts":[],"_links":{"self":[{"href":"https:\/\/www.dgregalos.com\/blog\/wp-json\/wp\/v2\/pages\/467"}],"collection":[{"href":"https:\/\/www.dgregalos.com\/blog\/wp-json\/wp\/v2\/pages"}],"about":[{"href":"https:\/\/www.dgregalos.com\/blog\/wp-json\/wp\/v2\/types\/page"}],"author":[{"embeddable":true,"href":"https:\/\/www.dgregalos.com\/blog\/wp-json\/wp\/v2\/users\/1"}],"replies":[{"embeddable":true,"href":"https:\/\/www.dgregalos.com\/blog\/wp-json\/wp\/v2\/comments?post=467"}],"version-history":[{"count":8,"href":"https:\/\/www.dgregalos.com\/blog\/wp-json\/wp\/v2\/pages\/467\/revisions"}],"predecessor-version":[{"id":530,"href":"https:\/\/www.dgregalos.com\/blog\/wp-json\/wp\/v2\/pages\/467\/revisions\/530"}],"wp:featuredmedia":[{"embeddable":true,"href":"https:\/\/www.dgregalos.com\/blog\/wp-json\/wp\/v2\/media\/379"}],"wp:attachment":[{"href":"https:\/\/www.dgregalos.com\/blog\/wp-json\/wp\/v2\/media?parent=467"}],"curies":[{"name":"wp","href":"https:\/\/api.w.org\/{rel}","templated":true}]}}